{"id":2423,"date":"2025-02-09T18:52:54","date_gmt":"2025-02-09T18:52:54","guid":{"rendered":"https:\/\/athemeart.dev\/demo\/shopstore\/cart\/"},"modified":"2025-02-09T18:52:54","modified_gmt":"2025-02-09T18:52:54","slug":"cart","status":"publish","type":"page","link":"https:\/\/espaniola.pl\/index.php\/cart\/","title":{"rendered":"Cart"},"content":{"rendered":"\n<div data-block-name=\"woocommerce\/cart\" class=\"wp-block-woocommerce-cart alignwide is-loading\">\n<div data-block-name=\"woocommerce\/filled-cart-block\" class=\"wp-block-woocommerce-filled-cart-block\">\n<div data-block-name=\"woocommerce\/cart-items-block\" class=\"wp-block-woocommerce-cart-items-block\">\n<div data-block-name=\"woocommerce\/cart-line-items-block\" class=\"wp-block-woocommerce-cart-line-items-block\"><\/div>\n\n\n\n<div data-block-name=\"woocommerce\/cart-cross-sells-block\" class=\"wp-block-woocommerce-cart-cross-sells-block\">\n<h2 class=\"wp-block-heading has-large-font-size\">You may be interested in\u2026<\/h2>\n\n\n\n<div data-block-name=\"woocommerce\/cart-cross-sells-products-block\" class=\"wp-block-woocommerce-cart-cross-sells-products-block\"><\/div>\n<\/div>\n<\/div>\n\n\n\n<div data-block-name=\"woocommerce\/cart-totals-block\" class=\"wp-block-woocommerce-cart-totals-block\">\n<div data-block-name=\"woocommerce\/cart-order-summary-block\" class=\"wp-block-woocommerce-cart-order-summary-block\">\n<div data-block-name=\"woocommerce\/cart-order-summary-heading-block\" class=\"wp-block-woocommerce-cart-order-summary-heading-block\"><\/div><div data-block-name=\"woocommerce\/cart-order-summary-coupon-form-block\" class=\"wp-block-woocommerce-cart-order-summary-coupon-form-block\"><\/div><div data-block-name=\"woocommerce\/cart-order-summary-totals-block\" class=\"wp-block-woocommerce-cart-order-summary-totals-block\">\n<div data-block-name=\"woocommerce\/cart-order-summary-subtotal-block\" class=\"wp-block-woocommerce-cart-order-summary-subtotal-block\"><\/div>\n<div data-block-name=\"woocommerce\/cart-order-summary-discount-block\" class=\"wp-block-woocommerce-cart-order-summary-discount-block\"><\/div>\n<div data-block-name=\"woocommerce\/cart-order-summary-fee-block\" class=\"wp-block-woocommerce-cart-order-summary-fee-block\"><\/div>\n<div data-block-name=\"woocommerce\/cart-order-summary-shipping-block\" class=\"wp-block-woocommerce-cart-order-summary-shipping-block\"><\/div>\n<div data-block-name=\"woocommerce\/cart-order-summary-taxes-block\" class=\"wp-block-woocommerce-cart-order-summary-taxes-block\"><\/div><\/div>\n<\/div>\n\n\n\n<div data-block-name=\"woocommerce\/cart-express-payment-block\" class=\"wp-block-woocommerce-cart-express-payment-block\"><\/div>\n\n\n\n<div data-block-name=\"woocommerce\/proceed-to-checkout-block\" class=\"wp-block-woocommerce-proceed-to-checkout-block\"><\/div>\n\n\n\n<div data-block-name=\"woocommerce\/cart-accepted-payment-methods-block\" class=\"wp-block-woocommerce-cart-accepted-payment-methods-block\"><\/div>\n<\/div>\n<\/div>\n\n\n\n<div data-block-name=\"woocommerce\/empty-cart-block\" class=\"wp-block-woocommerce-empty-cart-block\">\n<h2 class=\"wp-block-heading has-text-align-center with-empty-cart-icon wc-block-cart__empty-cart__title\">Your cart is currently empty!<\/h2>\n\n\n\n<hr class=\"wp-block-separator has-alpha-channel-opacity is-style-dots\"\/>\n\n\n\n<h2 class=\"wp-block-heading has-text-align-center\">New in store<\/h2>\n\n\n<div data-block-name=\"woocommerce\/product-new\" data-columns=\"4\" data-rows=\"1\" class=\"wc-block-grid wp-block-product-new wp-block-woocommerce-product-new wc-block-product-new has-4-columns\"><ul class=\"wc-block-grid__products\"><li class=\"wc-block-grid__product\">\n\t\t\t\t<a href=\"https:\/\/espaniola.pl\/index.php\/produkt\/nawilzajacy-balsam-do-ciala-z-aloesem\/\" class=\"wc-block-grid__product-link\">\n\t\t\t\t\t\n\t\t\t\t\t<div class=\"wc-block-grid__product-image\"><img fetchpriority=\"high\" decoding=\"async\" width=\"350\" height=\"435\" src=\"https:\/\/espaniola.pl\/wp-content\/uploads\/2019\/12\/075dfce6c0be2f32dd315789a65a7ce3-350x435.jpg\" class=\"attachment-woocommerce_thumbnail size-woocommerce_thumbnail\" alt=\"NAWIL\u017bAJ\u0104CY BALSAM DO CIA\u0141A Z ALOESEM I KWASEM HIALURONOWYM Deliplus\" \/><\/div>\n\t\t\t\t\t<div class=\"wc-block-grid__product-title\">NAWIL\u017bAJ\u0104CY BALSAM DO CIA\u0141A Z ALOESEM I KWASEM HIALURONOWYM Deliplus<\/div>\n\t\t\t\t<\/a>\n\t\t\t\t<div class=\"wc-block-grid__product-price price\"><span class=\"woocommerce-Price-amount amount\">36,00&nbsp;<span class=\"woocommerce-Price-currencySymbol\">&#122;&#322;<\/span><\/span><\/div>\n\t\t\t\t<div class=\"wc-block-grid__product-rating\"><div class=\"star-rating\" role=\"img\" aria-label=\"Oceniono 5.00 na 5\"><span style=\"width:100%\">Oceniony <strong class=\"rating\">5.00<\/strong> na 5 na podstawie <span class=\"rating\">1<\/span> oceny klienta<\/span><\/div><\/div>\n\t\t\t\t<div class=\"wp-block-button wc-block-grid__product-add-to-cart\"><a href=\"\/index.php\/wp-json\/wp\/v2\/pages\/2423?add-to-cart=988\" aria-label=\"Dodaj do koszyka: &bdquo;NAWIL\u017bAJ\u0104CY BALSAM DO CIA\u0141A Z ALOESEM I KWASEM HIALURONOWYM Deliplus&rdquo;\" data-quantity=\"1\" data-product_id=\"988\" data-product_sku=\"krem_nawil\u017caj\u017ccy\" data-price=\"36\" rel=\"nofollow\" class=\"wp-block-button__link  add_to_cart_button ajax_add_to_cart\">Dodaj do koszyka<\/a><\/div>\n\t\t\t<\/li><li class=\"wc-block-grid__product\">\n\t\t\t\t<a href=\"https:\/\/espaniola.pl\/index.php\/produkt\/the-north-face-1985-seasonal\/\" class=\"wc-block-grid__product-link\">\n\t\t\t\t\t\n\t\t\t\t\t<div class=\"wc-block-grid__product-image\"><img decoding=\"async\" width=\"350\" height=\"435\" src=\"https:\/\/espaniola.pl\/wp-content\/uploads\/2019\/12\/697d2e970f0be8a62024f3b0cef91b0c-350x435.jpg\" class=\"attachment-woocommerce_thumbnail size-woocommerce_thumbnail\" alt=\"KREM NAWIL\u017bAJ\u0104CY Z OLEJEM Z OLIWEK Deliplus\" \/><\/div>\n\t\t\t\t\t<div class=\"wc-block-grid__product-title\">KREM NAWIL\u017bAJ\u0104CY Z OLEJEM Z OLIWEK Deliplus<\/div>\n\t\t\t\t<\/a>\n\t\t\t\t<div class=\"wc-block-grid__product-price price\"><span class=\"woocommerce-Price-amount amount\">36,00&nbsp;<span class=\"woocommerce-Price-currencySymbol\">&#122;&#322;<\/span><\/span><\/div>\n\t\t\t\t<div class=\"wc-block-grid__product-rating\"><div class=\"star-rating\" role=\"img\" aria-label=\"Oceniono 4.00 na 5\"><span style=\"width:80%\">Oceniony <strong class=\"rating\">4.00<\/strong> na 5 na podstawie <span class=\"rating\">1<\/span> oceny klienta<\/span><\/div><\/div>\n\t\t\t\t<div class=\"wp-block-button wc-block-grid__product-add-to-cart\"><a href=\"\/index.php\/wp-json\/wp\/v2\/pages\/2423?add-to-cart=986\" aria-label=\"Dodaj do koszyka: &bdquo;KREM NAWIL\u017bAJ\u0104CY Z OLEJEM Z OLIWEK Deliplus&rdquo;\" data-quantity=\"1\" data-product_id=\"986\" data-product_sku=\"Olive_cream\" data-price=\"36\" rel=\"nofollow\" class=\"wp-block-button__link  add_to_cart_button ajax_add_to_cart\">Dodaj do koszyka<\/a><\/div>\n\t\t\t<\/li><li class=\"wc-block-grid__product\">\n\t\t\t\t<a href=\"https:\/\/espaniola.pl\/index.php\/produkt\/pianka-oczyszczajaca-do-twarzy-oil-free-deliplus-facial-clean-mousse\/\" class=\"wc-block-grid__product-link\">\n\t\t\t\t\t\n\t\t\t\t\t<div class=\"wc-block-grid__product-image\"><img decoding=\"async\" width=\"350\" height=\"435\" src=\"https:\/\/espaniola.pl\/wp-content\/uploads\/2019\/12\/199d0f_ef9eed9515da4a7f830309aa137ffad6mv2-350x435.jpeg\" class=\"attachment-woocommerce_thumbnail size-woocommerce_thumbnail\" alt=\"PIANKA OCZYSZCZAJ\u0104CA DO TWARZY OIL FREE \u2013 Deliplus Facial Clean Mousse\" \/><\/div>\n\t\t\t\t\t<div class=\"wc-block-grid__product-title\">PIANKA OCZYSZCZAJ\u0104CA DO TWARZY OIL FREE \u2013 Deliplus Facial Clean Mousse<\/div>\n\t\t\t\t<\/a>\n\t\t\t\t<div class=\"wc-block-grid__product-price price\"><span class=\"woocommerce-Price-amount amount\">76,00&nbsp;<span class=\"woocommerce-Price-currencySymbol\">&#122;&#322;<\/span><\/span><\/div>\n\t\t\t\t<div class=\"wc-block-grid__product-rating\"><div class=\"star-rating\" role=\"img\" aria-label=\"Oceniono 3.33 na 5\"><span style=\"width:66.6%\">Oceniony <strong class=\"rating\">3.33<\/strong> na 5 na podstawie <span class=\"rating\">3<\/span> ocen klient\u00f3w<\/span><\/div><\/div>\n\t\t\t\t<div class=\"wp-block-button wc-block-grid__product-add-to-cart\"><a href=\"\/index.php\/wp-json\/wp\/v2\/pages\/2423?add-to-cart=983\" aria-label=\"Dodaj do koszyka: &bdquo;PIANKA OCZYSZCZAJ\u0104CA DO TWARZY OIL FREE \u2013 Deliplus Facial Clean Mousse&rdquo;\" data-quantity=\"1\" data-product_id=\"983\" data-product_sku=\"MEGA-SHIRT-04\" data-price=\"76\" rel=\"nofollow\" class=\"wp-block-button__link  add_to_cart_button ajax_add_to_cart\">Dodaj do koszyka<\/a><\/div>\n\t\t\t<\/li><li class=\"wc-block-grid__product\">\n\t\t\t\t<a href=\"https:\/\/espaniola.pl\/index.php\/produkt\/white-dior-compact-cotton\/\" class=\"wc-block-grid__product-link\">\n\t\t\t\t\t\n\t\t\t\t\t<div class=\"wc-block-grid__product-image\"><img loading=\"lazy\" decoding=\"async\" width=\"350\" height=\"435\" src=\"https:\/\/espaniola.pl\/wp-content\/uploads\/2019\/12\/product-09-350x435.jpg\" class=\"attachment-woocommerce_thumbnail size-woocommerce_thumbnail\" alt=\"White Dior Compact Cotton\" \/><\/div>\n\t\t\t\t\t<div class=\"wc-block-grid__product-title\">White Dior Compact Cotton<\/div>\n\t\t\t\t<\/a>\n\t\t\t\t<div class=\"wc-block-grid__product-price price\"><span class=\"woocommerce-Price-amount amount\">368,00&nbsp;<span class=\"woocommerce-Price-currencySymbol\">&#122;&#322;<\/span><\/span><\/div>\n\t\t\t\t<div class=\"wc-block-grid__product-rating\"><div class=\"star-rating\" role=\"img\" aria-label=\"Oceniono 4.67 na 5\"><span style=\"width:93.4%\">Oceniony <strong class=\"rating\">4.67<\/strong> na 5 na podstawie <span class=\"rating\">3<\/span> ocen klient\u00f3w<\/span><\/div><\/div>\n\t\t\t\t<div class=\"wp-block-button wc-block-grid__product-add-to-cart\"><a href=\"\/index.php\/wp-json\/wp\/v2\/pages\/2423?add-to-cart=2868\" aria-label=\"Dodaj do koszyka: &bdquo;White Dior Compact Cotton&rdquo;\" data-quantity=\"1\" data-product_id=\"2868\" data-product_sku=\"MEGA-SHIRT-03\" data-price=\"368\" rel=\"nofollow\" class=\"wp-block-button__link  add_to_cart_button ajax_add_to_cart\">Dodaj do koszyka<\/a><\/div>\n\t\t\t<\/li><\/ul><\/div><\/div>\n<\/div>\n","protected":false},"excerpt":{"rendered":"","protected":false},"author":1,"featured_media":0,"parent":0,"menu_order":0,"comment_status":"closed","ping_status":"closed","template":"","meta":{"footnotes":""},"class_list":["post-2423","page","type-page","status-publish","hentry"],"yoast_head":"<!-- This site is optimized with the Yoast SEO plugin v26.2 - https:\/\/yoast.com\/wordpress\/plugins\/seo\/ -->\n<title>Cart - Espaniola | Oryginalne, hiszpa\u0144skie produkty<\/title>\n<meta name=\"robots\" content=\"noindex, follow, max-snippet:-1, max-image-preview:large, max-video-preview:-1\" \/>\n<meta property=\"og:locale\" content=\"pl_PL\" \/>\n<meta property=\"og:type\" content=\"article\" \/>\n<meta property=\"og:title\" content=\"Cart - Espaniola | Oryginalne, hiszpa\u0144skie produkty\" \/>\n<meta property=\"og:url\" content=\"https:\/\/espaniola.pl\/index.php\/cart\/\" \/>\n<meta property=\"og:site_name\" content=\"Espaniola | Oryginalne, hiszpa\u0144skie produkty\" \/>\n<meta name=\"twitter:card\" content=\"summary_large_image\" \/>\n<script type=\"application\/ld+json\" class=\"yoast-schema-graph\">{\"@context\":\"https:\/\/schema.org\",\"@graph\":[{\"@type\":\"WebPage\",\"@id\":\"https:\/\/espaniola.pl\/index.php\/cart\/\",\"url\":\"https:\/\/espaniola.pl\/index.php\/cart\/\",\"name\":\"Cart - Espaniola | Oryginalne, hiszpa\u0144skie produkty\",\"isPartOf\":{\"@id\":\"https:\/\/espaniola.pl\/#website\"},\"datePublished\":\"2025-02-09T18:52:54+00:00\",\"breadcrumb\":{\"@id\":\"https:\/\/espaniola.pl\/index.php\/cart\/#breadcrumb\"},\"inLanguage\":\"pl-PL\",\"potentialAction\":[{\"@type\":\"ReadAction\",\"target\":[\"https:\/\/espaniola.pl\/index.php\/cart\/\"]}]},{\"@type\":\"BreadcrumbList\",\"@id\":\"https:\/\/espaniola.pl\/index.php\/cart\/#breadcrumb\",\"itemListElement\":[{\"@type\":\"ListItem\",\"position\":1,\"name\":\"Home\",\"item\":\"https:\/\/espaniola.pl\/\"},{\"@type\":\"ListItem\",\"position\":2,\"name\":\"Cart\"}]},{\"@type\":\"WebSite\",\"@id\":\"https:\/\/espaniola.pl\/#website\",\"url\":\"https:\/\/espaniola.pl\/\",\"name\":\"Espaniola | Oryginalne, hiszpa\u0144skie produkty\",\"description\":\"Produkty pe\u0142ne s\u0142o\u0144ca i smaku.\",\"publisher\":{\"@id\":\"https:\/\/espaniola.pl\/#organization\"},\"potentialAction\":[{\"@type\":\"SearchAction\",\"target\":{\"@type\":\"EntryPoint\",\"urlTemplate\":\"https:\/\/espaniola.pl\/?s={search_term_string}\"},\"query-input\":{\"@type\":\"PropertyValueSpecification\",\"valueRequired\":true,\"valueName\":\"search_term_string\"}}],\"inLanguage\":\"pl-PL\"},{\"@type\":\"Organization\",\"@id\":\"https:\/\/espaniola.pl\/#organization\",\"name\":\"Espaniola | Oryginalne, hiszpa\u0144skie produkty\",\"url\":\"https:\/\/espaniola.pl\/\",\"logo\":{\"@type\":\"ImageObject\",\"inLanguage\":\"pl-PL\",\"@id\":\"https:\/\/espaniola.pl\/#\/schema\/logo\/image\/\",\"url\":\"https:\/\/espaniola.pl\/wp-content\/uploads\/2025\/11\/espaniola-poziom.png\",\"contentUrl\":\"https:\/\/espaniola.pl\/wp-content\/uploads\/2025\/11\/espaniola-poziom.png\",\"width\":1038,\"height\":362,\"caption\":\"Espaniola | Oryginalne, hiszpa\u0144skie produkty\"},\"image\":{\"@id\":\"https:\/\/espaniola.pl\/#\/schema\/logo\/image\/\"}}]}<\/script>\n<!-- \/ Yoast SEO plugin. -->","yoast_head_json":{"title":"Cart - Espaniola | Oryginalne, hiszpa\u0144skie produkty","robots":{"index":"noindex","follow":"follow","max-snippet":"max-snippet:-1","max-image-preview":"max-image-preview:large","max-video-preview":"max-video-preview:-1"},"og_locale":"pl_PL","og_type":"article","og_title":"Cart - Espaniola | Oryginalne, hiszpa\u0144skie produkty","og_url":"https:\/\/espaniola.pl\/index.php\/cart\/","og_site_name":"Espaniola | Oryginalne, hiszpa\u0144skie produkty","twitter_card":"summary_large_image","schema":{"@context":"https:\/\/schema.org","@graph":[{"@type":"WebPage","@id":"https:\/\/espaniola.pl\/index.php\/cart\/","url":"https:\/\/espaniola.pl\/index.php\/cart\/","name":"Cart - Espaniola | Oryginalne, hiszpa\u0144skie produkty","isPartOf":{"@id":"https:\/\/espaniola.pl\/#website"},"datePublished":"2025-02-09T18:52:54+00:00","breadcrumb":{"@id":"https:\/\/espaniola.pl\/index.php\/cart\/#breadcrumb"},"inLanguage":"pl-PL","potentialAction":[{"@type":"ReadAction","target":["https:\/\/espaniola.pl\/index.php\/cart\/"]}]},{"@type":"BreadcrumbList","@id":"https:\/\/espaniola.pl\/index.php\/cart\/#breadcrumb","itemListElement":[{"@type":"ListItem","position":1,"name":"Home","item":"https:\/\/espaniola.pl\/"},{"@type":"ListItem","position":2,"name":"Cart"}]},{"@type":"WebSite","@id":"https:\/\/espaniola.pl\/#website","url":"https:\/\/espaniola.pl\/","name":"Espaniola | Oryginalne, hiszpa\u0144skie produkty","description":"Produkty pe\u0142ne s\u0142o\u0144ca i smaku.","publisher":{"@id":"https:\/\/espaniola.pl\/#organization"},"potentialAction":[{"@type":"SearchAction","target":{"@type":"EntryPoint","urlTemplate":"https:\/\/espaniola.pl\/?s={search_term_string}"},"query-input":{"@type":"PropertyValueSpecification","valueRequired":true,"valueName":"search_term_string"}}],"inLanguage":"pl-PL"},{"@type":"Organization","@id":"https:\/\/espaniola.pl\/#organization","name":"Espaniola | Oryginalne, hiszpa\u0144skie produkty","url":"https:\/\/espaniola.pl\/","logo":{"@type":"ImageObject","inLanguage":"pl-PL","@id":"https:\/\/espaniola.pl\/#\/schema\/logo\/image\/","url":"https:\/\/espaniola.pl\/wp-content\/uploads\/2025\/11\/espaniola-poziom.png","contentUrl":"https:\/\/espaniola.pl\/wp-content\/uploads\/2025\/11\/espaniola-poziom.png","width":1038,"height":362,"caption":"Espaniola | Oryginalne, hiszpa\u0144skie produkty"},"image":{"@id":"https:\/\/espaniola.pl\/#\/schema\/logo\/image\/"}}]}},"_links":{"self":[{"href":"https:\/\/espaniola.pl\/index.php\/wp-json\/wp\/v2\/pages\/2423","targetHints":{"allow":["GET"]}}],"collection":[{"href":"https:\/\/espaniola.pl\/index.php\/wp-json\/wp\/v2\/pages"}],"about":[{"href":"https:\/\/espaniola.pl\/index.php\/wp-json\/wp\/v2\/types\/page"}],"author":[{"embeddable":true,"href":"https:\/\/espaniola.pl\/index.php\/wp-json\/wp\/v2\/users\/1"}],"replies":[{"embeddable":true,"href":"https:\/\/espaniola.pl\/index.php\/wp-json\/wp\/v2\/comments?post=2423"}],"version-history":[{"count":0,"href":"https:\/\/espaniola.pl\/index.php\/wp-json\/wp\/v2\/pages\/2423\/revisions"}],"wp:attachment":[{"href":"https:\/\/espaniola.pl\/index.php\/wp-json\/wp\/v2\/media?parent=2423"}],"curies":[{"name":"wp","href":"https:\/\/api.w.org\/{rel}","templated":true}]}}